{"id":34,"date":"2025-02-20T08:56:49","date_gmt":"2025-02-20T08:56:49","guid":{"rendered":"https:\/\/zubiriotazua.rkinformatika.online\/?page_id=34"},"modified":"2025-11-14T12:57:00","modified_gmt":"2025-11-14T12:57:00","slug":"productos","status":"publish","type":"page","link":"https:\/\/tienda.zubiriotazua.es\/eu\/productos\/","title":{"rendered":"Productos"},"content":{"rendered":"\t\t<div data-elementor-type=\"wp-page\" data-elementor-id=\"34\" class=\"elementor elementor-34\" data-elementor-post-type=\"page\">\n\t\t\t\t\t\t<section class=\"elementor-section elementor-top-section elementor-element elementor-element-c50ab0f elementor-section-boxed elementor-section-height-default elementor-section-height-default\" data-id=\"c50ab0f\" data-element_type=\"section\" data-e-type=\"section\" data-settings=\"{&quot;background_background&quot;:&quot;slideshow&quot;,&quot;background_slideshow_gallery&quot;:[{&quot;id&quot;:1919,&quot;url&quot;:&quot;https:\\\/\\\/tienda.zubiriotazua.es\\\/wp-content\\\/uploads\\\/2025\\\/11\\\/BANNER-1.jpg&quot;},{&quot;id&quot;:1916,&quot;url&quot;:&quot;https:\\\/\\\/tienda.zubiriotazua.es\\\/wp-content\\\/uploads\\\/2025\\\/11\\\/BANNER-2.png&quot;},{&quot;id&quot;:1917,&quot;url&quot;:&quot;https:\\\/\\\/tienda.zubiriotazua.es\\\/wp-content\\\/uploads\\\/2025\\\/11\\\/BANNER-3.png&quot;},{&quot;id&quot;:1922,&quot;url&quot;:&quot;https:\\\/\\\/tienda.zubiriotazua.es\\\/wp-content\\\/uploads\\\/2025\\\/11\\\/BANNER-4.jpg&quot;},{&quot;id&quot;:1918,&quot;url&quot;:&quot;https:\\\/\\\/tienda.zubiriotazua.es\\\/wp-content\\\/uploads\\\/2025\\\/11\\\/BANNER-7.jpg&quot;},{&quot;id&quot;:1920,&quot;url&quot;:&quot;https:\\\/\\\/tienda.zubiriotazua.es\\\/wp-content\\\/uploads\\\/2025\\\/11\\\/BANNER-5.jpg&quot;},{&quot;id&quot;:1921,&quot;url&quot;:&quot;https:\\\/\\\/tienda.zubiriotazua.es\\\/wp-content\\\/uploads\\\/2025\\\/11\\\/BANNER-6.jpg&quot;}],&quot;background_slideshow_loop&quot;:&quot;yes&quot;,&quot;background_slideshow_slide_duration&quot;:5000,&quot;background_slideshow_slide_transition&quot;:&quot;fade&quot;,&quot;background_slideshow_transition_duration&quot;:500}\">\n\t\t\t\t\t\t\t<div class=\"elementor-background-overlay\"><\/div>\n\t\t\t\t\t\t\t<div class=\"elementor-container elementor-column-gap-no\">\n\t\t\t\t\t<div class=\"elementor-column elementor-col-100 elementor-top-column elementor-element elementor-element-61758079\" data-id=\"61758079\" data-element_type=\"column\" data-e-type=\"column\">\n\t\t\t<div class=\"elementor-widget-wrap elementor-element-populated\">\n\t\t\t\t\t\t<div class=\"elementor-element elementor-element-aeb9138 elementor-icon-list--layout-inline elementor-align-center elementor-list-item-link-full_width elementor-widget elementor-widget-icon-list\" data-id=\"aeb9138\" data-element_type=\"widget\" data-e-type=\"widget\" data-widget_type=\"icon-list.default\">\n\t\t\t\t<div class=\"elementor-widget-container\">\n\t\t\t\t\t\t\t<ul class=\"elementor-icon-list-items elementor-inline-items\">\n\t\t\t\t\t\t\t<li class=\"elementor-icon-list-item elementor-inline-item\">\n\t\t\t\t\t\t\t\t\t\t\t<a href=\"https:\/\/tienda.zubiriotazua.es\/eu\">\n\n\t\t\t\t\t\t\t\t\t\t\t<span class=\"elementor-icon-list-text\">Inicio<\/span>\n\t\t\t\t\t\t\t\t\t\t\t<\/a>\n\t\t\t\t\t\t\t\t\t<\/li>\n\t\t\t\t\t\t\t\t<li class=\"elementor-icon-list-item elementor-inline-item\">\n\t\t\t\t\t\t\t\t\t\t\t<a href=\"https:\/\/tienda.zubiriotazua.es\/contacto\/\">\n\n\t\t\t\t\t\t\t\t\t\t\t\t<span class=\"elementor-icon-list-icon\">\n\t\t\t\t\t\t\t<svg aria-hidden=\"true\" class=\"e-font-icon-svg e-fas-chevron-right\" viewBox=\"0 0 320 512\" xmlns=\"http:\/\/www.w3.org\/2000\/svg\"><path d=\"M285.476 272.971L91.132 467.314c-9.373 9.373-24.569 9.373-33.941 0l-22.667-22.667c-9.357-9.357-9.375-24.522-.04-33.901L188.505 256 34.484 101.255c-9.335-9.379-9.317-24.544.04-33.901l22.667-22.667c9.373-9.373 24.569-9.373 33.941 0L285.475 239.03c9.373 9.372 9.373 24.568.001 33.941z\"><\/path><\/svg>\t\t\t\t\t\t<\/span>\n\t\t\t\t\t\t\t\t\t\t<span class=\"elementor-icon-list-text\">Contacto<\/span>\n\t\t\t\t\t\t\t\t\t\t\t<\/a>\n\t\t\t\t\t\t\t\t\t<\/li>\n\t\t\t\t\t\t<\/ul>\n\t\t\t\t\t\t<\/div>\n\t\t\t\t<\/div>\n\t\t\t\t\t<\/div>\n\t\t<\/div>\n\t\t\t\t\t<\/div>\n\t\t<\/section>\n\t\t<div class=\"elementor-element elementor-element-3675eb0 e-con-full e-flex e-con e-parent\" data-id=\"3675eb0\" data-element_type=\"container\" data-e-type=\"container\">\n\t\t<div class=\"elementor-element elementor-element-9b67a07 e-con-full e-flex elementor-invisible e-con e-child\" data-id=\"9b67a07\" data-element_type=\"container\" data-e-type=\"container\" data-settings=\"{&quot;background_background&quot;:&quot;classic&quot;,&quot;animation&quot;:&quot;fadeInLeft&quot;}\">\n\t\t\t\t<div class=\"elementor-element elementor-element-e04de09 elementor-align-center elementor-widget elementor-widget-button\" data-id=\"e04de09\" data-element_type=\"widget\" data-e-type=\"widget\" data-widget_type=\"button.default\">\n\t\t\t\t<div class=\"elementor-widget-container\">\n\t\t\t\t\t\t\t\t\t<div class=\"elementor-button-wrapper\">\n\t\t\t\t\t<a class=\"elementor-button elementor-button-link elementor-size-sm elementor-animation-float\" href=\"https:\/\/www.otazua.es\/10-mujer\" target=\"_blank\">\n\t\t\t\t\t\t<span class=\"elementor-button-content-wrapper\">\n\t\t\t\t\t\t<span class=\"elementor-button-icon\">\n\t\t\t\t<svg aria-hidden=\"true\" class=\"e-font-icon-svg e-fas-long-arrow-alt-right\" viewBox=\"0 0 448 512\" xmlns=\"http:\/\/www.w3.org\/2000\/svg\"><path d=\"M313.941 216H12c-6.627 0-12 5.373-12 12v56c0 6.627 5.373 12 12 12h301.941v46.059c0 21.382 25.851 32.09 40.971 16.971l86.059-86.059c9.373-9.373 9.373-24.569 0-33.941l-86.059-86.059c-15.119-15.119-40.971-4.411-40.971 16.971V216z\"><\/path><\/svg>\t\t\t<\/span>\n\t\t\t\t\t\t\t\t\t<span class=\"elementor-button-text\">Zapatos<\/span>\n\t\t\t\t\t<\/span>\n\t\t\t\t\t<\/a>\n\t\t\t\t<\/div>\n\t\t\t\t\t\t\t\t<\/div>\n\t\t\t\t<\/div>\n\t\t\t\t<div class=\"elementor-element elementor-element-7b6eeab elementor-widget elementor-widget-heading\" data-id=\"7b6eeab\" data-element_type=\"widget\" data-e-type=\"widget\" data-widget_type=\"heading.default\">\n\t\t\t\t<div class=\"elementor-widget-container\">\n\t\t\t\t\t<h3 class=\"elementor-heading-title elementor-size-default\">Mujer<\/h3>\t\t\t\t<\/div>\n\t\t\t\t<\/div>\n\t\t\t\t<div class=\"elementor-element elementor-element-d7e6c9c elementor-widget elementor-widget-heading\" data-id=\"d7e6c9c\" data-element_type=\"widget\" data-e-type=\"widget\" data-widget_type=\"heading.default\">\n\t\t\t\t<div class=\"elementor-widget-container\">\n\t\t\t\t\t<h3 class=\"elementor-heading-title elementor-size-default\">Colecci\u00f3n<\/h3>\t\t\t\t<\/div>\n\t\t\t\t<\/div>\n\t\t\t\t<\/div>\n\t\t<div class=\"elementor-element elementor-element-4fded69 e-con-full e-flex elementor-invisible e-con e-child\" data-id=\"4fded69\" data-element_type=\"container\" data-e-type=\"container\" data-settings=\"{&quot;background_background&quot;:&quot;classic&quot;,&quot;animation&quot;:&quot;fadeInUp&quot;}\">\n\t\t\t\t<div class=\"elementor-element elementor-element-8c0fde2 elementor-align-center elementor-widget elementor-widget-button\" data-id=\"8c0fde2\" data-element_type=\"widget\" data-e-type=\"widget\" data-widget_type=\"button.default\">\n\t\t\t\t<div class=\"elementor-widget-container\">\n\t\t\t\t\t\t\t\t\t<div class=\"elementor-button-wrapper\">\n\t\t\t\t\t<a class=\"elementor-button elementor-button-link elementor-size-sm elementor-animation-float\" href=\"https:\/\/www.otazua.es\/11-hombre\/zapatos\" target=\"_blank\">\n\t\t\t\t\t\t<span class=\"elementor-button-content-wrapper\">\n\t\t\t\t\t\t<span class=\"elementor-button-icon\">\n\t\t\t\t<svg aria-hidden=\"true\" class=\"e-font-icon-svg e-fas-long-arrow-alt-right\" viewBox=\"0 0 448 512\" xmlns=\"http:\/\/www.w3.org\/2000\/svg\"><path d=\"M313.941 216H12c-6.627 0-12 5.373-12 12v56c0 6.627 5.373 12 12 12h301.941v46.059c0 21.382 25.851 32.09 40.971 16.971l86.059-86.059c9.373-9.373 9.373-24.569 0-33.941l-86.059-86.059c-15.119-15.119-40.971-4.411-40.971 16.971V216z\"><\/path><\/svg>\t\t\t<\/span>\n\t\t\t\t\t\t\t\t\t<span class=\"elementor-button-text\">Zapatos<\/span>\n\t\t\t\t\t<\/span>\n\t\t\t\t\t<\/a>\n\t\t\t\t<\/div>\n\t\t\t\t\t\t\t\t<\/div>\n\t\t\t\t<\/div>\n\t\t\t\t<div class=\"elementor-element elementor-element-a22fb12 elementor-widget elementor-widget-heading\" data-id=\"a22fb12\" data-element_type=\"widget\" data-e-type=\"widget\" data-widget_type=\"heading.default\">\n\t\t\t\t<div class=\"elementor-widget-container\">\n\t\t\t\t\t<h3 class=\"elementor-heading-title elementor-size-default\">Hombre<\/h3>\t\t\t\t<\/div>\n\t\t\t\t<\/div>\n\t\t\t\t<div class=\"elementor-element elementor-element-95eb2bc elementor-widget elementor-widget-heading\" data-id=\"95eb2bc\" data-element_type=\"widget\" data-e-type=\"widget\" data-widget_type=\"heading.default\">\n\t\t\t\t<div class=\"elementor-widget-container\">\n\t\t\t\t\t<h3 class=\"elementor-heading-title elementor-size-default\">Colecci\u00f3n<\/h3>\t\t\t\t<\/div>\n\t\t\t\t<\/div>\n\t\t\t\t<\/div>\n\t\t<div class=\"elementor-element elementor-element-b748362 e-con-full e-flex elementor-invisible e-con e-child\" data-id=\"b748362\" data-element_type=\"container\" data-e-type=\"container\" data-settings=\"{&quot;background_background&quot;:&quot;classic&quot;,&quot;animation&quot;:&quot;fadeInRight&quot;}\">\n\t\t\t\t<div class=\"elementor-element elementor-element-593996c elementor-align-center elementor-widget elementor-widget-button\" data-id=\"593996c\" data-element_type=\"widget\" data-e-type=\"widget\" data-widget_type=\"button.default\">\n\t\t\t\t<div class=\"elementor-widget-container\">\n\t\t\t\t\t\t\t\t\t<div class=\"elementor-button-wrapper\">\n\t\t\t\t\t<a class=\"elementor-button elementor-button-link elementor-size-sm elementor-animation-float\" href=\"https:\/\/www.otazua.es\/28-complementos\" target=\"_blank\">\n\t\t\t\t\t\t<span class=\"elementor-button-content-wrapper\">\n\t\t\t\t\t\t<span class=\"elementor-button-icon\">\n\t\t\t\t<svg aria-hidden=\"true\" class=\"e-font-icon-svg e-fas-long-arrow-alt-right\" viewBox=\"0 0 448 512\" xmlns=\"http:\/\/www.w3.org\/2000\/svg\"><path d=\"M313.941 216H12c-6.627 0-12 5.373-12 12v56c0 6.627 5.373 12 12 12h301.941v46.059c0 21.382 25.851 32.09 40.971 16.971l86.059-86.059c9.373-9.373 9.373-24.569 0-33.941l-86.059-86.059c-15.119-15.119-40.971-4.411-40.971 16.971V216z\"><\/path><\/svg>\t\t\t<\/span>\n\t\t\t\t\t\t\t\t\t<span class=\"elementor-button-text\">Ropa y Complementos<\/span>\n\t\t\t\t\t<\/span>\n\t\t\t\t\t<\/a>\n\t\t\t\t<\/div>\n\t\t\t\t\t\t\t\t<\/div>\n\t\t\t\t<\/div>\n\t\t\t\t<div class=\"elementor-element elementor-element-edbc377 elementor-widget elementor-widget-heading\" data-id=\"edbc377\" data-element_type=\"widget\" data-e-type=\"widget\" data-widget_type=\"heading.default\">\n\t\t\t\t<div class=\"elementor-widget-container\">\n\t\t\t\t\t<h3 class=\"elementor-heading-title elementor-size-default\">Mujer<\/h3>\t\t\t\t<\/div>\n\t\t\t\t<\/div>\n\t\t\t\t<div class=\"elementor-element elementor-element-ff86b1e elementor-widget elementor-widget-heading\" data-id=\"ff86b1e\" data-element_type=\"widget\" data-e-type=\"widget\" data-widget_type=\"heading.default\">\n\t\t\t\t<div class=\"elementor-widget-container\">\n\t\t\t\t\t<h3 class=\"elementor-heading-title elementor-size-default\">Colecci\u00f3n<\/h3>\t\t\t\t<\/div>\n\t\t\t\t<\/div>\n\t\t\t\t<\/div>\n\t\t\t\t<\/div>\n\t\t<div class=\"elementor-element elementor-element-728297b e-flex e-con-boxed e-con e-parent\" data-id=\"728297b\" data-element_type=\"container\" data-e-type=\"container\">\n\t\t\t\t\t<div class=\"e-con-inner\">\n\t\t<div class=\"elementor-element elementor-element-df30cc1 e-con-full e-flex e-con e-child\" data-id=\"df30cc1\" data-element_type=\"container\" data-e-type=\"container\">\n\t\t\t\t<div class=\"elementor-element elementor-element-f33bd31 elementor-align-center elementor-widget elementor-widget-button\" data-id=\"f33bd31\" data-element_type=\"widget\" data-e-type=\"widget\" data-widget_type=\"button.default\">\n\t\t\t\t<div class=\"elementor-widget-container\">\n\t\t\t\t\t\t\t\t\t<div class=\"elementor-button-wrapper\">\n\t\t\t\t\t<a class=\"elementor-button elementor-button-link elementor-size-sm elementor-animation-bounce-in\" href=\"https:\/\/www.instagram.com\/calzadosotazua\">\n\t\t\t\t\t\t<span class=\"elementor-button-content-wrapper\">\n\t\t\t\t\t\t<span class=\"elementor-button-icon\">\n\t\t\t\t<svg aria-hidden=\"true\" class=\"e-font-icon-svg e-fab-instagram\" viewBox=\"0 0 448 512\" xmlns=\"http:\/\/www.w3.org\/2000\/svg\"><path d=\"M224.1 141c-63.6 0-114.9 51.3-114.9 114.9s51.3 114.9 114.9 114.9S339 319.5 339 255.9 287.7 141 224.1 141zm0 189.6c-41.1 0-74.7-33.5-74.7-74.7s33.5-74.7 74.7-74.7 74.7 33.5 74.7 74.7-33.6 74.7-74.7 74.7zm146.4-194.3c0 14.9-12 26.8-26.8 26.8-14.9 0-26.8-12-26.8-26.8s12-26.8 26.8-26.8 26.8 12 26.8 26.8zm76.1 27.2c-1.7-35.9-9.9-67.7-36.2-93.9-26.2-26.2-58-34.4-93.9-36.2-37-2.1-147.9-2.1-184.9 0-35.8 1.7-67.6 9.9-93.9 36.1s-34.4 58-36.2 93.9c-2.1 37-2.1 147.9 0 184.9 1.7 35.9 9.9 67.7 36.2 93.9s58 34.4 93.9 36.2c37 2.1 147.9 2.1 184.9 0 35.9-1.7 67.7-9.9 93.9-36.2 26.2-26.2 34.4-58 36.2-93.9 2.1-37 2.1-147.8 0-184.8zM398.8 388c-7.8 19.6-22.9 34.7-42.6 42.6-29.5 11.7-99.5 9-132.1 9s-102.7 2.6-132.1-9c-19.6-7.8-34.7-22.9-42.6-42.6-11.7-29.5-9-99.5-9-132.1s-2.6-102.7 9-132.1c7.8-19.6 22.9-34.7 42.6-42.6 29.5-11.7 99.5-9 132.1-9s102.7-2.6 132.1 9c19.6 7.8 34.7 22.9 42.6 42.6 11.7 29.5 9 99.5 9 132.1s2.7 102.7-9 132.1z\"><\/path><\/svg>\t\t\t<\/span>\n\t\t\t\t\t\t\t\t\t<span class=\"elementor-button-text\">Seguir en Intagram<\/span>\n\t\t\t\t\t<\/span>\n\t\t\t\t\t<\/a>\n\t\t\t\t<\/div>\n\t\t\t\t\t\t\t\t<\/div>\n\t\t\t\t<\/div>\n\t\t<div class=\"elementor-element elementor-element-f5c22fb e-con-full e-flex e-con e-child\" data-id=\"f5c22fb\" data-element_type=\"container\" data-e-type=\"container\">\n\t\t\t\t<\/div>\n\t\t\t\t<\/div>\n\t\t\t\t\t<\/div>\n\t\t\t\t<\/div>\n\t\t\t\t<\/div>\n\t\t","protected":false},"excerpt":{"rendered":"<p>Inicio Contacto Zapatos Mujer Colecci\u00f3n Zapatos Hombre Colecci\u00f3n Ropa y Complementos Mujer Colecci\u00f3n Seguir en Intagram<\/p>","protected":false},"author":1,"featured_media":0,"parent":0,"menu_order":0,"comment_status":"closed","ping_status":"closed","template":"elementor_canvas","meta":{"footnotes":""},"class_list":["post-34","page","type-page","status-publish","hentry"],"yoast_head":"<!-- This site is optimized with the Yoast SEO plugin v27.3 - https:\/\/yoast.com\/product\/yoast-seo-wordpress\/ -->\n<title>Productos - ZUBIRI OTAZUA<\/title>\n<meta name=\"robots\" content=\"index, follow, max-snippet:-1, max-image-preview:large, max-video-preview:-1\" \/>\n<link rel=\"canonical\" href=\"https:\/\/tienda.zubiriotazua.es\/eu\/productos\/\" \/>\n<meta property=\"og:locale\" content=\"en_US\" \/>\n<meta property=\"og:type\" content=\"article\" \/>\n<meta property=\"og:title\" content=\"Productos - ZUBIRI OTAZUA\" \/>\n<meta property=\"og:description\" content=\"Inicio Contacto Zapatos Mujer Colecci\u00f3n Zapatos Hombre Colecci\u00f3n Ropa y Complementos Mujer Colecci\u00f3n Seguir en Intagram\" \/>\n<meta property=\"og:url\" content=\"https:\/\/tienda.zubiriotazua.es\/eu\/productos\/\" \/>\n<meta property=\"og:site_name\" content=\"ZUBIRI OTAZUA\" \/>\n<meta property=\"article:modified_time\" content=\"2025-11-14T12:57:00+00:00\" \/>\n<meta name=\"twitter:card\" content=\"summary_large_image\" \/>\n<meta name=\"twitter:label1\" content=\"Est. reading time\" \/>\n\t<meta name=\"twitter:data1\" content=\"1 minutua\" \/>\n<script type=\"application\/ld+json\" class=\"yoast-schema-graph\">{\"@context\":\"https:\\\/\\\/schema.org\",\"@graph\":[{\"@type\":\"WebPage\",\"@id\":\"https:\\\/\\\/tienda.zubiriotazua.es\\\/productos\\\/\",\"url\":\"https:\\\/\\\/tienda.zubiriotazua.es\\\/productos\\\/\",\"name\":\"Productos - ZUBIRI OTAZUA\",\"isPartOf\":{\"@id\":\"https:\\\/\\\/tienda.zubiriotazua.es\\\/#website\"},\"datePublished\":\"2025-02-20T08:56:49+00:00\",\"dateModified\":\"2025-11-14T12:57:00+00:00\",\"breadcrumb\":{\"@id\":\"https:\\\/\\\/tienda.zubiriotazua.es\\\/productos\\\/#breadcrumb\"},\"inLanguage\":\"eu\",\"potentialAction\":[{\"@type\":\"ReadAction\",\"target\":[\"https:\\\/\\\/tienda.zubiriotazua.es\\\/productos\\\/\"]}]},{\"@type\":\"BreadcrumbList\",\"@id\":\"https:\\\/\\\/tienda.zubiriotazua.es\\\/productos\\\/#breadcrumb\",\"itemListElement\":[{\"@type\":\"ListItem\",\"position\":1,\"name\":\"Portada\",\"item\":\"https:\\\/\\\/tienda.zubiriotazua.es\\\/\"},{\"@type\":\"ListItem\",\"position\":2,\"name\":\"Productos\"}]},{\"@type\":\"WebSite\",\"@id\":\"https:\\\/\\\/tienda.zubiriotazua.es\\\/#website\",\"url\":\"https:\\\/\\\/tienda.zubiriotazua.es\\\/\",\"name\":\"ZUBIRI OTAZUA\",\"description\":\"\",\"publisher\":{\"@id\":\"https:\\\/\\\/tienda.zubiriotazua.es\\\/#organization\"},\"potentialAction\":[{\"@type\":\"SearchAction\",\"target\":{\"@type\":\"EntryPoint\",\"urlTemplate\":\"https:\\\/\\\/tienda.zubiriotazua.es\\\/?s={search_term_string}\"},\"query-input\":{\"@type\":\"PropertyValueSpecification\",\"valueRequired\":true,\"valueName\":\"search_term_string\"}}],\"inLanguage\":\"eu\"},{\"@type\":\"Organization\",\"@id\":\"https:\\\/\\\/tienda.zubiriotazua.es\\\/#organization\",\"name\":\"ZUBIRI OTAZUA\",\"url\":\"https:\\\/\\\/tienda.zubiriotazua.es\\\/\",\"logo\":{\"@type\":\"ImageObject\",\"inLanguage\":\"eu\",\"@id\":\"https:\\\/\\\/tienda.zubiriotazua.es\\\/#\\\/schema\\\/logo\\\/image\\\/\",\"url\":\"https:\\\/\\\/tienda.zubiriotazua.es\\\/wp-content\\\/uploads\\\/2025\\\/02\\\/cropped-Diseno-sin-titulo-1-1-1.png\",\"contentUrl\":\"https:\\\/\\\/tienda.zubiriotazua.es\\\/wp-content\\\/uploads\\\/2025\\\/02\\\/cropped-Diseno-sin-titulo-1-1-1.png\",\"width\":512,\"height\":147,\"caption\":\"ZUBIRI OTAZUA\"},\"image\":{\"@id\":\"https:\\\/\\\/tienda.zubiriotazua.es\\\/#\\\/schema\\\/logo\\\/image\\\/\"}}]}<\/script>\n<!-- \/ Yoast SEO plugin. -->","yoast_head_json":{"title":"Productos - ZUBIRI OTAZUA","robots":{"index":"index","follow":"follow","max-snippet":"max-snippet:-1","max-image-preview":"max-image-preview:large","max-video-preview":"max-video-preview:-1"},"canonical":"https:\/\/tienda.zubiriotazua.es\/eu\/productos\/","og_locale":"en_US","og_type":"article","og_title":"Productos - ZUBIRI OTAZUA","og_description":"Inicio Contacto Zapatos Mujer Colecci\u00f3n Zapatos Hombre Colecci\u00f3n Ropa y Complementos Mujer Colecci\u00f3n Seguir en Intagram","og_url":"https:\/\/tienda.zubiriotazua.es\/eu\/productos\/","og_site_name":"ZUBIRI OTAZUA","article_modified_time":"2025-11-14T12:57:00+00:00","twitter_card":"summary_large_image","twitter_misc":{"Est. reading time":"1 minutua"},"schema":{"@context":"https:\/\/schema.org","@graph":[{"@type":"WebPage","@id":"https:\/\/tienda.zubiriotazua.es\/productos\/","url":"https:\/\/tienda.zubiriotazua.es\/productos\/","name":"Productos - ZUBIRI OTAZUA","isPartOf":{"@id":"https:\/\/tienda.zubiriotazua.es\/#website"},"datePublished":"2025-02-20T08:56:49+00:00","dateModified":"2025-11-14T12:57:00+00:00","breadcrumb":{"@id":"https:\/\/tienda.zubiriotazua.es\/productos\/#breadcrumb"},"inLanguage":"eu","potentialAction":[{"@type":"ReadAction","target":["https:\/\/tienda.zubiriotazua.es\/productos\/"]}]},{"@type":"BreadcrumbList","@id":"https:\/\/tienda.zubiriotazua.es\/productos\/#breadcrumb","itemListElement":[{"@type":"ListItem","position":1,"name":"Portada","item":"https:\/\/tienda.zubiriotazua.es\/"},{"@type":"ListItem","position":2,"name":"Productos"}]},{"@type":"WebSite","@id":"https:\/\/tienda.zubiriotazua.es\/#website","url":"https:\/\/tienda.zubiriotazua.es\/","name":"ZUBIRI OTAZUA","description":"","publisher":{"@id":"https:\/\/tienda.zubiriotazua.es\/#organization"},"potentialAction":[{"@type":"SearchAction","target":{"@type":"EntryPoint","urlTemplate":"https:\/\/tienda.zubiriotazua.es\/?s={search_term_string}"},"query-input":{"@type":"PropertyValueSpecification","valueRequired":true,"valueName":"search_term_string"}}],"inLanguage":"eu"},{"@type":"Organization","@id":"https:\/\/tienda.zubiriotazua.es\/#organization","name":"ZUBIRI OTAZUA","url":"https:\/\/tienda.zubiriotazua.es\/","logo":{"@type":"ImageObject","inLanguage":"eu","@id":"https:\/\/tienda.zubiriotazua.es\/#\/schema\/logo\/image\/","url":"https:\/\/tienda.zubiriotazua.es\/wp-content\/uploads\/2025\/02\/cropped-Diseno-sin-titulo-1-1-1.png","contentUrl":"https:\/\/tienda.zubiriotazua.es\/wp-content\/uploads\/2025\/02\/cropped-Diseno-sin-titulo-1-1-1.png","width":512,"height":147,"caption":"ZUBIRI OTAZUA"},"image":{"@id":"https:\/\/tienda.zubiriotazua.es\/#\/schema\/logo\/image\/"}}]}},"_links":{"self":[{"href":"https:\/\/tienda.zubiriotazua.es\/eu\/wp-json\/wp\/v2\/pages\/34","targetHints":{"allow":["GET"]}}],"collection":[{"href":"https:\/\/tienda.zubiriotazua.es\/eu\/wp-json\/wp\/v2\/pages"}],"about":[{"href":"https:\/\/tienda.zubiriotazua.es\/eu\/wp-json\/wp\/v2\/types\/page"}],"author":[{"embeddable":true,"href":"https:\/\/tienda.zubiriotazua.es\/eu\/wp-json\/wp\/v2\/users\/1"}],"replies":[{"embeddable":true,"href":"https:\/\/tienda.zubiriotazua.es\/eu\/wp-json\/wp\/v2\/comments?post=34"}],"version-history":[{"count":208,"href":"https:\/\/tienda.zubiriotazua.es\/eu\/wp-json\/wp\/v2\/pages\/34\/revisions"}],"predecessor-version":[{"id":1931,"href":"https:\/\/tienda.zubiriotazua.es\/eu\/wp-json\/wp\/v2\/pages\/34\/revisions\/1931"}],"wp:attachment":[{"href":"https:\/\/tienda.zubiriotazua.es\/eu\/wp-json\/wp\/v2\/media?parent=34"}],"curies":[{"name":"wp","href":"https:\/\/api.w.org\/{rel}","templated":true}]}}