{"id":1525,"date":"2025-03-03T15:29:24","date_gmt":"2025-03-03T15:29:24","guid":{"rendered":"https:\/\/tiendazubiriotazua.rkinformatika.online\/?page_id=1525"},"modified":"2025-03-03T15:38:27","modified_gmt":"2025-03-03T15:38:27","slug":"politica-de-envio","status":"publish","type":"page","link":"https:\/\/tienda.zubiriotazua.es\/eu\/politica-de-envio\/","title":{"rendered":"Pol\u00edtica de Env\u00edo"},"content":{"rendered":"<div data-elementor-type=\"wp-page\" data-elementor-id=\"1525\" class=\"elementor elementor-1525\" data-elementor-post-type=\"page\">\n\t\t\t\t\t\t<section class=\"elementor-section elementor-top-section elementor-element elementor-element-1d33348 elementor-section-boxed elementor-section-height-default elementor-section-height-default\" data-id=\"1d33348\" data-element_type=\"section\" data-e-type=\"section\">\n\t\t\t\t\t\t<div class=\"elementor-container elementor-column-gap-default\">\n\t\t\t\t\t<div class=\"elementor-column elementor-col-100 elementor-top-column elementor-element elementor-element-2b7a18c\" data-id=\"2b7a18c\" data-element_type=\"column\" data-e-type=\"column\">\n\t\t\t<div class=\"elementor-widget-wrap elementor-element-populated\">\n\t\t\t\t\t\t<div class=\"elementor-element elementor-element-81adbf6 elementor-widget elementor-widget-text-editor\" data-id=\"81adbf6\" data-element_type=\"widget\" data-e-type=\"widget\" data-widget_type=\"text-editor.default\">\n\t\t\t\t<div class=\"elementor-widget-container\">\n\t\t\t\t\t\t\t\t\t<h1 class=\"western\" align=\"justify\"><strong><b>Pol\u00edtica de env\u00edo<\/b><\/strong><\/h1><p><strong>\u00bfCu\u00e1ndo ser\u00e1 procesado mi pedido?<\/strong><\/p><p>Todos los pedidos se manejan y se env\u00edan desde nuestra tienda en <strong>BILBAO C\/GREGORIO DE LA REVILLA 11. BARAKALDO, HERRIKO PLAZA 7. BARAKALDO C\/ ELCANO 1. MUNGIA, BUTROI 10 KALEA.<\/strong> Por favor, espere un tiempo adicional para que su pedido sea procesado durante las vacaciones y las temporadas de rebajas. Procesamos pedidos de lunes a viernes. Los pedidos se procesar\u00e1n dentro de 3-5 d\u00edas h\u00e1biles a partir de la fecha del pedido y se enviar\u00e1n al d\u00eda siguiente despu\u00e9s del d\u00eda de procesamiento. Tenga en cuenta que no enviamos los fines de semana.\u00a0<\/p><p><strong>\u00bfCu\u00e1nto tiempo llevar\u00e1 recibir mi pedido?<\/strong><\/p><p>Una vez que realice su pedido, espere de 3 a 5 d\u00edas h\u00e1biles para procesar sus pedidos.<\/p>\t\t\t\t\t\t\t\t<\/div>\n\t\t\t\t<\/div>\n\t\t\t\t\t<\/div>\n\t\t<\/div>\n\t\t\t\t\t<\/div>\n\t\t<\/section>\n\t\t\t\t<\/div>","protected":false},"excerpt":{"rendered":"<p>Pol\u00edtica de env\u00edo \u00bfCu\u00e1ndo ser\u00e1 procesado mi pedido? Todos los pedidos se manejan y se env\u00edan desde nuestra tienda en BILBAO C\/GREGORIO DE LA REVILLA 11. BARAKALDO, HERRIKO PLAZA 7. BARAKALDO C\/ ELCANO 1. MUNGIA, BUTROI 10 KALEA. Por favor, espere un tiempo adicional para que su pedido sea procesado durante las vacaciones y las [&hellip;]<\/p>\n","protected":false},"author":1,"featured_media":0,"parent":0,"menu_order":0,"comment_status":"closed","ping_status":"closed","template":"elementor_canvas","meta":{"footnotes":""},"class_list":["post-1525","page","type-page","status-publish","hentry"],"yoast_head":"<!-- This site is optimized with the Yoast SEO plugin v27.3 - https:\/\/yoast.com\/product\/yoast-seo-wordpress\/ -->\n<title>Pol\u00edtica de Env\u00edo - ZUBIRI OTAZUA<\/title>\n<meta name=\"robots\" content=\"index, follow, max-snippet:-1, max-image-preview:large, max-video-preview:-1\" \/>\n<link rel=\"canonical\" href=\"https:\/\/tienda.zubiriotazua.es\/eu\/politica-de-envio\/\" \/>\n<meta property=\"og:locale\" content=\"en_US\" \/>\n<meta property=\"og:type\" content=\"article\" \/>\n<meta property=\"og:title\" content=\"Pol\u00edtica de Env\u00edo - ZUBIRI OTAZUA\" \/>\n<meta property=\"og:description\" content=\"Pol\u00edtica de env\u00edo \u00bfCu\u00e1ndo ser\u00e1 procesado mi pedido? Todos los pedidos se manejan y se env\u00edan desde nuestra tienda en BILBAO C\/GREGORIO DE LA REVILLA 11. BARAKALDO, HERRIKO PLAZA 7. BARAKALDO C\/ ELCANO 1. MUNGIA, BUTROI 10 KALEA. Por favor, espere un tiempo adicional para que su pedido sea procesado durante las vacaciones y las [&hellip;]\" \/>\n<meta property=\"og:url\" content=\"https:\/\/tienda.zubiriotazua.es\/eu\/politica-de-envio\/\" \/>\n<meta property=\"og:site_name\" content=\"ZUBIRI OTAZUA\" \/>\n<meta property=\"article:modified_time\" content=\"2025-03-03T15:38:27+00:00\" \/>\n<meta name=\"twitter:card\" content=\"summary_large_image\" \/>\n<meta name=\"twitter:label1\" content=\"Est. reading time\" \/>\n\t<meta name=\"twitter:data1\" content=\"1 minutua\" \/>\n<script type=\"application\/ld+json\" class=\"yoast-schema-graph\">{\"@context\":\"https:\\\/\\\/schema.org\",\"@graph\":[{\"@type\":\"WebPage\",\"@id\":\"https:\\\/\\\/tienda.zubiriotazua.es\\\/politica-de-envio\\\/\",\"url\":\"https:\\\/\\\/tienda.zubiriotazua.es\\\/politica-de-envio\\\/\",\"name\":\"Pol\u00edtica de Env\u00edo - ZUBIRI OTAZUA\",\"isPartOf\":{\"@id\":\"https:\\\/\\\/tienda.zubiriotazua.es\\\/#website\"},\"datePublished\":\"2025-03-03T15:29:24+00:00\",\"dateModified\":\"2025-03-03T15:38:27+00:00\",\"breadcrumb\":{\"@id\":\"https:\\\/\\\/tienda.zubiriotazua.es\\\/politica-de-envio\\\/#breadcrumb\"},\"inLanguage\":\"eu\",\"potentialAction\":[{\"@type\":\"ReadAction\",\"target\":[\"https:\\\/\\\/tienda.zubiriotazua.es\\\/politica-de-envio\\\/\"]}]},{\"@type\":\"BreadcrumbList\",\"@id\":\"https:\\\/\\\/tienda.zubiriotazua.es\\\/politica-de-envio\\\/#breadcrumb\",\"itemListElement\":[{\"@type\":\"ListItem\",\"position\":1,\"name\":\"Portada\",\"item\":\"https:\\\/\\\/tienda.zubiriotazua.es\\\/\"},{\"@type\":\"ListItem\",\"position\":2,\"name\":\"Pol\u00edtica de Env\u00edo\"}]},{\"@type\":\"WebSite\",\"@id\":\"https:\\\/\\\/tienda.zubiriotazua.es\\\/#website\",\"url\":\"https:\\\/\\\/tienda.zubiriotazua.es\\\/\",\"name\":\"ZUBIRI OTAZUA\",\"description\":\"\",\"publisher\":{\"@id\":\"https:\\\/\\\/tienda.zubiriotazua.es\\\/#organization\"},\"potentialAction\":[{\"@type\":\"SearchAction\",\"target\":{\"@type\":\"EntryPoint\",\"urlTemplate\":\"https:\\\/\\\/tienda.zubiriotazua.es\\\/?s={search_term_string}\"},\"query-input\":{\"@type\":\"PropertyValueSpecification\",\"valueRequired\":true,\"valueName\":\"search_term_string\"}}],\"inLanguage\":\"eu\"},{\"@type\":\"Organization\",\"@id\":\"https:\\\/\\\/tienda.zubiriotazua.es\\\/#organization\",\"name\":\"ZUBIRI OTAZUA\",\"url\":\"https:\\\/\\\/tienda.zubiriotazua.es\\\/\",\"logo\":{\"@type\":\"ImageObject\",\"inLanguage\":\"eu\",\"@id\":\"https:\\\/\\\/tienda.zubiriotazua.es\\\/#\\\/schema\\\/logo\\\/image\\\/\",\"url\":\"https:\\\/\\\/tienda.zubiriotazua.es\\\/wp-content\\\/uploads\\\/2025\\\/02\\\/cropped-Diseno-sin-titulo-1-1-1.png\",\"contentUrl\":\"https:\\\/\\\/tienda.zubiriotazua.es\\\/wp-content\\\/uploads\\\/2025\\\/02\\\/cropped-Diseno-sin-titulo-1-1-1.png\",\"width\":512,\"height\":147,\"caption\":\"ZUBIRI OTAZUA\"},\"image\":{\"@id\":\"https:\\\/\\\/tienda.zubiriotazua.es\\\/#\\\/schema\\\/logo\\\/image\\\/\"}}]}<\/script>\n<!-- \/ Yoast SEO plugin. -->","yoast_head_json":{"title":"Pol\u00edtica de Env\u00edo - ZUBIRI OTAZUA","robots":{"index":"index","follow":"follow","max-snippet":"max-snippet:-1","max-image-preview":"max-image-preview:large","max-video-preview":"max-video-preview:-1"},"canonical":"https:\/\/tienda.zubiriotazua.es\/eu\/politica-de-envio\/","og_locale":"en_US","og_type":"article","og_title":"Pol\u00edtica de Env\u00edo - ZUBIRI OTAZUA","og_description":"Pol\u00edtica de env\u00edo \u00bfCu\u00e1ndo ser\u00e1 procesado mi pedido? Todos los pedidos se manejan y se env\u00edan desde nuestra tienda en BILBAO C\/GREGORIO DE LA REVILLA 11. BARAKALDO, HERRIKO PLAZA 7. BARAKALDO C\/ ELCANO 1. MUNGIA, BUTROI 10 KALEA. Por favor, espere un tiempo adicional para que su pedido sea procesado durante las vacaciones y las [&hellip;]","og_url":"https:\/\/tienda.zubiriotazua.es\/eu\/politica-de-envio\/","og_site_name":"ZUBIRI OTAZUA","article_modified_time":"2025-03-03T15:38:27+00:00","twitter_card":"summary_large_image","twitter_misc":{"Est. reading time":"1 minutua"},"schema":{"@context":"https:\/\/schema.org","@graph":[{"@type":"WebPage","@id":"https:\/\/tienda.zubiriotazua.es\/politica-de-envio\/","url":"https:\/\/tienda.zubiriotazua.es\/politica-de-envio\/","name":"Pol\u00edtica de Env\u00edo - ZUBIRI OTAZUA","isPartOf":{"@id":"https:\/\/tienda.zubiriotazua.es\/#website"},"datePublished":"2025-03-03T15:29:24+00:00","dateModified":"2025-03-03T15:38:27+00:00","breadcrumb":{"@id":"https:\/\/tienda.zubiriotazua.es\/politica-de-envio\/#breadcrumb"},"inLanguage":"eu","potentialAction":[{"@type":"ReadAction","target":["https:\/\/tienda.zubiriotazua.es\/politica-de-envio\/"]}]},{"@type":"BreadcrumbList","@id":"https:\/\/tienda.zubiriotazua.es\/politica-de-envio\/#breadcrumb","itemListElement":[{"@type":"ListItem","position":1,"name":"Portada","item":"https:\/\/tienda.zubiriotazua.es\/"},{"@type":"ListItem","position":2,"name":"Pol\u00edtica de Env\u00edo"}]},{"@type":"WebSite","@id":"https:\/\/tienda.zubiriotazua.es\/#website","url":"https:\/\/tienda.zubiriotazua.es\/","name":"ZUBIRI OTAZUA","description":"","publisher":{"@id":"https:\/\/tienda.zubiriotazua.es\/#organization"},"potentialAction":[{"@type":"SearchAction","target":{"@type":"EntryPoint","urlTemplate":"https:\/\/tienda.zubiriotazua.es\/?s={search_term_string}"},"query-input":{"@type":"PropertyValueSpecification","valueRequired":true,"valueName":"search_term_string"}}],"inLanguage":"eu"},{"@type":"Organization","@id":"https:\/\/tienda.zubiriotazua.es\/#organization","name":"ZUBIRI OTAZUA","url":"https:\/\/tienda.zubiriotazua.es\/","logo":{"@type":"ImageObject","inLanguage":"eu","@id":"https:\/\/tienda.zubiriotazua.es\/#\/schema\/logo\/image\/","url":"https:\/\/tienda.zubiriotazua.es\/wp-content\/uploads\/2025\/02\/cropped-Diseno-sin-titulo-1-1-1.png","contentUrl":"https:\/\/tienda.zubiriotazua.es\/wp-content\/uploads\/2025\/02\/cropped-Diseno-sin-titulo-1-1-1.png","width":512,"height":147,"caption":"ZUBIRI OTAZUA"},"image":{"@id":"https:\/\/tienda.zubiriotazua.es\/#\/schema\/logo\/image\/"}}]}},"_links":{"self":[{"href":"https:\/\/tienda.zubiriotazua.es\/eu\/wp-json\/wp\/v2\/pages\/1525","targetHints":{"allow":["GET"]}}],"collection":[{"href":"https:\/\/tienda.zubiriotazua.es\/eu\/wp-json\/wp\/v2\/pages"}],"about":[{"href":"https:\/\/tienda.zubiriotazua.es\/eu\/wp-json\/wp\/v2\/types\/page"}],"author":[{"embeddable":true,"href":"https:\/\/tienda.zubiriotazua.es\/eu\/wp-json\/wp\/v2\/users\/1"}],"replies":[{"embeddable":true,"href":"https:\/\/tienda.zubiriotazua.es\/eu\/wp-json\/wp\/v2\/comments?post=1525"}],"version-history":[{"count":7,"href":"https:\/\/tienda.zubiriotazua.es\/eu\/wp-json\/wp\/v2\/pages\/1525\/revisions"}],"predecessor-version":[{"id":1535,"href":"https:\/\/tienda.zubiriotazua.es\/eu\/wp-json\/wp\/v2\/pages\/1525\/revisions\/1535"}],"wp:attachment":[{"href":"https:\/\/tienda.zubiriotazua.es\/eu\/wp-json\/wp\/v2\/media?parent=1525"}],"curies":[{"name":"wp","href":"https:\/\/api.w.org\/{rel}","templated":true}]}}