{"id":1524,"date":"2025-03-03T15:30:19","date_gmt":"2025-03-03T15:30:19","guid":{"rendered":"https:\/\/tiendazubiriotazua.rkinformatika.online\/?page_id=1524"},"modified":"2025-03-03T16:26:43","modified_gmt":"2025-03-03T16:26:43","slug":"politica-de-reembolso","status":"publish","type":"page","link":"https:\/\/tienda.zubiriotazua.es\/eu\/politica-de-reembolso\/","title":{"rendered":"Pol\u00edtica de Reembolso"},"content":{"rendered":"<div data-elementor-type=\"wp-page\" data-elementor-id=\"1524\" class=\"elementor elementor-1524\" data-elementor-post-type=\"page\">\n\t\t\t\t<div class=\"elementor-element elementor-element-5a304e4 e-flex e-con-boxed e-con e-parent\" data-id=\"5a304e4\" data-element_type=\"container\" data-e-type=\"container\">\n\t\t\t\t\t<div class=\"e-con-inner\">\n\t\t\t\t<div class=\"elementor-element elementor-element-a74399c elementor-widget elementor-widget-text-editor\" data-id=\"a74399c\" data-element_type=\"widget\" data-e-type=\"widget\" data-widget_type=\"text-editor.default\">\n\t\t\t\t<div class=\"elementor-widget-container\">\n\t\t\t\t\t\t\t\t\t<div class=\"shopify-policy__title\"><h1>POL\u00cdTICA DE REEMBOLSO<\/h1><\/div><div class=\"shopify-policy__body\"><div class=\"rte\"><p><strong>Devoluciones<\/strong><\/p><p>Nuestra pol\u00edtica dura\u00a0<strong>30 d\u00edas<\/strong>. Si han pasado 30 d\u00edas desde su compra, desafortunadamente no podemos ofrecerle un reembolso o cambio.<\/p><p>Para poder proceder a su devoluci\u00f3n, el art\u00edculo debe estar sin usar y en las mismas condiciones en que lo recibi\u00f3. As\u00ed como en su embalaje original.<\/p><p>Los productos perecederos, como los alimentos, no podr\u00e1n devolverse, a no ser que su motivo sea responsabilidad de la empresa.\u00a0<\/p><p>Art\u00edculos adicionales no retornables:<\/p><p>&#8211; Tarjetas de regalo<\/p><p><strong>Para completar su devoluci\u00f3n, requerimos un recibo o comprobante de compra.<\/strong><\/p><p><strong>No env\u00ede su compra de vuelta al fabricante.<\/strong><\/p><p><strong>Reembolsos (si corresponde)<\/strong><\/p><p>Una vez que se reciba e inspeccione su devoluci\u00f3n, le enviaremos un correo electr\u00f3nico para notificarle que hemos recibido su art\u00edculo devuelto. Tambi\u00e9n le notificaremos la aprobaci\u00f3n o rechazo de su reembolso.<\/p><p>Si es aprobado, su reembolso ser\u00e1 procesado y se\u00a0abonar\u00e1 autom\u00e1ticamente al m\u00e9todo de pago original, dentro de un cierto cantidad de d\u00edas<\/p><p><strong>Reembolsos tard\u00edos o faltantes (si corresponde)<\/strong><\/p><p>Si a\u00fan no ha recibido un reembolso, primero verifique su cuenta bancaria.<\/p><p>Luego comun\u00edquese con la compa\u00f1\u00eda de su tarjeta de cr\u00e9dito, puede pasar alg\u00fan tiempo antes de que su reembolso se publique oficialmente.<\/p><p>Si ha hecho todo esto y a\u00fan no ha recibido su reembolso, cont\u00e1ctenos en <a href=\"mailto:otazua@otazua.es\">otazua@otazua.es.<\/a><\/p><p><strong>Art\u00edculos en oferta (si corresponde)<\/strong><\/p><p>Solo se pueden reembolsar los art\u00edculos a precio regular, desafortunadamente los art\u00edculos en oferta no se pueden reembolsar.<\/p><p><strong>Intercambios (si corresponde)<\/strong><\/p><p>Solo reemplazamos los art\u00edculos si est\u00e1n defectuosos o da\u00f1ados (Por error de la empresa). Si necesita cambiarlo por el mismo art\u00edculo, env\u00edenos un correo electr\u00f3nico a <a href=\"mailto:otazua@otazua.es\">otazua@otazua.es<\/a> y env\u00ede su art\u00edculo a: <strong>BILBAO C\/GREGORIO DE LA REVILLA 11. BARAKALDO, HERRIKO PLAZA 7. BARAKALDO C\/ ELCANO 1. MUNGIA, BUTROI 10 KALEA.<\/strong><\/p><p><strong>Env\u00edo<\/strong><\/p><p>Para devolver su producto, debe enviarlo por correo a: <strong>BILBAO C\/GREGORIO DE LA REVILLA 11. BARAKALDO, HERRIKO PLAZA 7. BARAKALDO C\/ ELCANO 1. MUNGIA, BUTROI 10 KALEA.<\/strong><\/p><p>Usted ser\u00e1 responsable de pagar sus propios costos de env\u00edo para devolver su art\u00edculo. Los gastos de env\u00edo no son reembolsables. Si recibe un reembolso, el costo del env\u00edo de devoluci\u00f3n se deducir\u00e1 de su reembolso.<\/p><p>Dependiendo de d\u00f3nde viva, el tiempo de entrega puede variar.<\/p><\/div><\/div>\t\t\t\t\t\t\t\t<\/div>\n\t\t\t\t<\/div>\n\t\t\t\t\t<\/div>\n\t\t\t\t<\/div>\n\t\t\t\t<\/div>","protected":false},"excerpt":{"rendered":"<p>POL\u00cdTICA DE REEMBOLSO Devoluciones Nuestra pol\u00edtica dura\u00a030 d\u00edas. Si han pasado 30 d\u00edas desde su compra, desafortunadamente no podemos ofrecerle un reembolso o cambio. Para poder proceder a su devoluci\u00f3n, el art\u00edculo debe estar sin usar y en las mismas condiciones en que lo recibi\u00f3. As\u00ed como en su embalaje original. Los productos perecederos, como [&hellip;]<\/p>\n","protected":false},"author":1,"featured_media":0,"parent":0,"menu_order":0,"comment_status":"closed","ping_status":"closed","template":"elementor_canvas","meta":{"footnotes":""},"class_list":["post-1524","page","type-page","status-publish","hentry"],"yoast_head":"<!-- This site is optimized with the Yoast SEO plugin v27.3 - https:\/\/yoast.com\/product\/yoast-seo-wordpress\/ -->\n<title>Pol\u00edtica de Reembolso - ZUBIRI OTAZUA<\/title>\n<meta name=\"robots\" content=\"index, follow, max-snippet:-1, max-image-preview:large, max-video-preview:-1\" \/>\n<link rel=\"canonical\" href=\"https:\/\/tienda.zubiriotazua.es\/eu\/politica-de-reembolso\/\" \/>\n<meta property=\"og:locale\" content=\"en_US\" \/>\n<meta property=\"og:type\" content=\"article\" \/>\n<meta property=\"og:title\" content=\"Pol\u00edtica de Reembolso - ZUBIRI OTAZUA\" \/>\n<meta property=\"og:description\" content=\"POL\u00cdTICA DE REEMBOLSO Devoluciones Nuestra pol\u00edtica dura\u00a030 d\u00edas. Si han pasado 30 d\u00edas desde su compra, desafortunadamente no podemos ofrecerle un reembolso o cambio. Para poder proceder a su devoluci\u00f3n, el art\u00edculo debe estar sin usar y en las mismas condiciones en que lo recibi\u00f3. As\u00ed como en su embalaje original. Los productos perecederos, como [&hellip;]\" \/>\n<meta property=\"og:url\" content=\"https:\/\/tienda.zubiriotazua.es\/eu\/politica-de-reembolso\/\" \/>\n<meta property=\"og:site_name\" content=\"ZUBIRI OTAZUA\" \/>\n<meta property=\"article:modified_time\" content=\"2025-03-03T16:26:43+00:00\" \/>\n<meta name=\"twitter:card\" content=\"summary_large_image\" \/>\n<meta name=\"twitter:label1\" content=\"Est. reading time\" \/>\n\t<meta name=\"twitter:data1\" content=\"2 minutua\" \/>\n<script type=\"application\/ld+json\" class=\"yoast-schema-graph\">{\"@context\":\"https:\\\/\\\/schema.org\",\"@graph\":[{\"@type\":\"WebPage\",\"@id\":\"https:\\\/\\\/tienda.zubiriotazua.es\\\/politica-de-reembolso\\\/\",\"url\":\"https:\\\/\\\/tienda.zubiriotazua.es\\\/politica-de-reembolso\\\/\",\"name\":\"Pol\u00edtica de Reembolso - ZUBIRI OTAZUA\",\"isPartOf\":{\"@id\":\"https:\\\/\\\/tienda.zubiriotazua.es\\\/#website\"},\"datePublished\":\"2025-03-03T15:30:19+00:00\",\"dateModified\":\"2025-03-03T16:26:43+00:00\",\"breadcrumb\":{\"@id\":\"https:\\\/\\\/tienda.zubiriotazua.es\\\/politica-de-reembolso\\\/#breadcrumb\"},\"inLanguage\":\"eu\",\"potentialAction\":[{\"@type\":\"ReadAction\",\"target\":[\"https:\\\/\\\/tienda.zubiriotazua.es\\\/politica-de-reembolso\\\/\"]}]},{\"@type\":\"BreadcrumbList\",\"@id\":\"https:\\\/\\\/tienda.zubiriotazua.es\\\/politica-de-reembolso\\\/#breadcrumb\",\"itemListElement\":[{\"@type\":\"ListItem\",\"position\":1,\"name\":\"Portada\",\"item\":\"https:\\\/\\\/tienda.zubiriotazua.es\\\/\"},{\"@type\":\"ListItem\",\"position\":2,\"name\":\"Pol\u00edtica de Reembolso\"}]},{\"@type\":\"WebSite\",\"@id\":\"https:\\\/\\\/tienda.zubiriotazua.es\\\/#website\",\"url\":\"https:\\\/\\\/tienda.zubiriotazua.es\\\/\",\"name\":\"ZUBIRI OTAZUA\",\"description\":\"\",\"publisher\":{\"@id\":\"https:\\\/\\\/tienda.zubiriotazua.es\\\/#organization\"},\"potentialAction\":[{\"@type\":\"SearchAction\",\"target\":{\"@type\":\"EntryPoint\",\"urlTemplate\":\"https:\\\/\\\/tienda.zubiriotazua.es\\\/?s={search_term_string}\"},\"query-input\":{\"@type\":\"PropertyValueSpecification\",\"valueRequired\":true,\"valueName\":\"search_term_string\"}}],\"inLanguage\":\"eu\"},{\"@type\":\"Organization\",\"@id\":\"https:\\\/\\\/tienda.zubiriotazua.es\\\/#organization\",\"name\":\"ZUBIRI OTAZUA\",\"url\":\"https:\\\/\\\/tienda.zubiriotazua.es\\\/\",\"logo\":{\"@type\":\"ImageObject\",\"inLanguage\":\"eu\",\"@id\":\"https:\\\/\\\/tienda.zubiriotazua.es\\\/#\\\/schema\\\/logo\\\/image\\\/\",\"url\":\"https:\\\/\\\/tienda.zubiriotazua.es\\\/wp-content\\\/uploads\\\/2025\\\/02\\\/cropped-Diseno-sin-titulo-1-1-1.png\",\"contentUrl\":\"https:\\\/\\\/tienda.zubiriotazua.es\\\/wp-content\\\/uploads\\\/2025\\\/02\\\/cropped-Diseno-sin-titulo-1-1-1.png\",\"width\":512,\"height\":147,\"caption\":\"ZUBIRI OTAZUA\"},\"image\":{\"@id\":\"https:\\\/\\\/tienda.zubiriotazua.es\\\/#\\\/schema\\\/logo\\\/image\\\/\"}}]}<\/script>\n<!-- \/ Yoast SEO plugin. -->","yoast_head_json":{"title":"Pol\u00edtica de Reembolso - ZUBIRI OTAZUA","robots":{"index":"index","follow":"follow","max-snippet":"max-snippet:-1","max-image-preview":"max-image-preview:large","max-video-preview":"max-video-preview:-1"},"canonical":"https:\/\/tienda.zubiriotazua.es\/eu\/politica-de-reembolso\/","og_locale":"en_US","og_type":"article","og_title":"Pol\u00edtica de Reembolso - ZUBIRI OTAZUA","og_description":"POL\u00cdTICA DE REEMBOLSO Devoluciones Nuestra pol\u00edtica dura\u00a030 d\u00edas. Si han pasado 30 d\u00edas desde su compra, desafortunadamente no podemos ofrecerle un reembolso o cambio. Para poder proceder a su devoluci\u00f3n, el art\u00edculo debe estar sin usar y en las mismas condiciones en que lo recibi\u00f3. As\u00ed como en su embalaje original. Los productos perecederos, como [&hellip;]","og_url":"https:\/\/tienda.zubiriotazua.es\/eu\/politica-de-reembolso\/","og_site_name":"ZUBIRI OTAZUA","article_modified_time":"2025-03-03T16:26:43+00:00","twitter_card":"summary_large_image","twitter_misc":{"Est. reading time":"2 minutua"},"schema":{"@context":"https:\/\/schema.org","@graph":[{"@type":"WebPage","@id":"https:\/\/tienda.zubiriotazua.es\/politica-de-reembolso\/","url":"https:\/\/tienda.zubiriotazua.es\/politica-de-reembolso\/","name":"Pol\u00edtica de Reembolso - ZUBIRI OTAZUA","isPartOf":{"@id":"https:\/\/tienda.zubiriotazua.es\/#website"},"datePublished":"2025-03-03T15:30:19+00:00","dateModified":"2025-03-03T16:26:43+00:00","breadcrumb":{"@id":"https:\/\/tienda.zubiriotazua.es\/politica-de-reembolso\/#breadcrumb"},"inLanguage":"eu","potentialAction":[{"@type":"ReadAction","target":["https:\/\/tienda.zubiriotazua.es\/politica-de-reembolso\/"]}]},{"@type":"BreadcrumbList","@id":"https:\/\/tienda.zubiriotazua.es\/politica-de-reembolso\/#breadcrumb","itemListElement":[{"@type":"ListItem","position":1,"name":"Portada","item":"https:\/\/tienda.zubiriotazua.es\/"},{"@type":"ListItem","position":2,"name":"Pol\u00edtica de Reembolso"}]},{"@type":"WebSite","@id":"https:\/\/tienda.zubiriotazua.es\/#website","url":"https:\/\/tienda.zubiriotazua.es\/","name":"ZUBIRI OTAZUA","description":"","publisher":{"@id":"https:\/\/tienda.zubiriotazua.es\/#organization"},"potentialAction":[{"@type":"SearchAction","target":{"@type":"EntryPoint","urlTemplate":"https:\/\/tienda.zubiriotazua.es\/?s={search_term_string}"},"query-input":{"@type":"PropertyValueSpecification","valueRequired":true,"valueName":"search_term_string"}}],"inLanguage":"eu"},{"@type":"Organization","@id":"https:\/\/tienda.zubiriotazua.es\/#organization","name":"ZUBIRI OTAZUA","url":"https:\/\/tienda.zubiriotazua.es\/","logo":{"@type":"ImageObject","inLanguage":"eu","@id":"https:\/\/tienda.zubiriotazua.es\/#\/schema\/logo\/image\/","url":"https:\/\/tienda.zubiriotazua.es\/wp-content\/uploads\/2025\/02\/cropped-Diseno-sin-titulo-1-1-1.png","contentUrl":"https:\/\/tienda.zubiriotazua.es\/wp-content\/uploads\/2025\/02\/cropped-Diseno-sin-titulo-1-1-1.png","width":512,"height":147,"caption":"ZUBIRI OTAZUA"},"image":{"@id":"https:\/\/tienda.zubiriotazua.es\/#\/schema\/logo\/image\/"}}]}},"_links":{"self":[{"href":"https:\/\/tienda.zubiriotazua.es\/eu\/wp-json\/wp\/v2\/pages\/1524","targetHints":{"allow":["GET"]}}],"collection":[{"href":"https:\/\/tienda.zubiriotazua.es\/eu\/wp-json\/wp\/v2\/pages"}],"about":[{"href":"https:\/\/tienda.zubiriotazua.es\/eu\/wp-json\/wp\/v2\/types\/page"}],"author":[{"embeddable":true,"href":"https:\/\/tienda.zubiriotazua.es\/eu\/wp-json\/wp\/v2\/users\/1"}],"replies":[{"embeddable":true,"href":"https:\/\/tienda.zubiriotazua.es\/eu\/wp-json\/wp\/v2\/comments?post=1524"}],"version-history":[{"count":4,"href":"https:\/\/tienda.zubiriotazua.es\/eu\/wp-json\/wp\/v2\/pages\/1524\/revisions"}],"predecessor-version":[{"id":1552,"href":"https:\/\/tienda.zubiriotazua.es\/eu\/wp-json\/wp\/v2\/pages\/1524\/revisions\/1552"}],"wp:attachment":[{"href":"https:\/\/tienda.zubiriotazua.es\/eu\/wp-json\/wp\/v2\/media?parent=1524"}],"curies":[{"name":"wp","href":"https:\/\/api.w.org\/{rel}","templated":true}]}}